{"id":163,"date":"2023-06-13T10:37:06","date_gmt":"2023-06-13T10:37:06","guid":{"rendered":"https:\/\/itercastello.com\/despacho-de-ingenieria\/"},"modified":"2024-10-21T11:25:09","modified_gmt":"2024-10-21T11:25:09","slug":"despatx-denginyeria","status":"publish","type":"page","link":"https:\/\/itercastello.com\/ca\/","title":{"rendered":"Despatx d&#8217;enginyeria"},"content":{"rendered":"","protected":false},"excerpt":{"rendered":"","protected":false},"author":1,"featured_media":162,"parent":0,"menu_order":0,"comment_status":"open","ping_status":"closed","template":"","meta":{"footnotes":""},"class_list":["post-163","page","type-page","status-publish","has-post-thumbnail","hentry"],"yoast_head":"<!-- This site is optimized with the Yoast SEO plugin v23.0 - https:\/\/yoast.com\/wordpress\/plugins\/seo\/ -->\n<title>Despatx d&#039;enginyeria<\/title>\n<meta name=\"description\" content=\"Nuestro despacho de Ingenier\u00eda es el coraz\u00f3n de la empresa, dedicado a ofrecer soluciones integrales y adaptadas a todas las necesidades.\" \/>\n<meta name=\"robots\" content=\"index, follow, max-snippet:-1, max-image-preview:large, max-video-preview:-1\" \/>\n<link rel=\"canonical\" href=\"https:\/\/itercastello.com\/ca\/\" \/>\n<meta property=\"og:locale\" content=\"ca_ES\" \/>\n<meta property=\"og:type\" content=\"article\" \/>\n<meta property=\"og:title\" content=\"Despatx d&#039;enginyeria\" \/>\n<meta property=\"og:description\" content=\"Nuestro despacho de Ingenier\u00eda es el coraz\u00f3n de la empresa, dedicado a ofrecer soluciones integrales y adaptadas a todas las necesidades.\" \/>\n<meta property=\"og:url\" content=\"https:\/\/itercastello.com\/ca\/\" \/>\n<meta property=\"og:site_name\" content=\"ITER Despacho de ingenier\u00eda\" \/>\n<meta property=\"article:modified_time\" content=\"2024-10-21T11:25:09+00:00\" \/>\n<meta property=\"og:image\" content=\"https:\/\/itercastello.com\/wp-content\/uploads\/2024\/06\/grey-concrete-building-blue-sky.jpg\" \/>\n\t<meta property=\"og:image:width\" content=\"1200\" \/>\n\t<meta property=\"og:image:height\" content=\"800\" \/>\n\t<meta property=\"og:image:type\" content=\"image\/jpeg\" \/>\n<meta name=\"twitter:card\" content=\"summary_large_image\" \/>\n<meta name=\"twitter:label1\" content=\"Temps estimat de lectura\" \/>\n\t<meta name=\"twitter:data1\" content=\"1 minut\" \/>\n<script type=\"application\/ld+json\" class=\"yoast-schema-graph\">{\"@context\":\"https:\/\/schema.org\",\"@graph\":[{\"@type\":\"WebPage\",\"@id\":\"https:\/\/itercastello.com\/ca\/\",\"url\":\"https:\/\/itercastello.com\/ca\/\",\"name\":\"Despatx d'enginyeria\",\"isPartOf\":{\"@id\":\"https:\/\/itercastello.com\/#website\"},\"primaryImageOfPage\":{\"@id\":\"https:\/\/itercastello.com\/ca\/#primaryimage\"},\"image\":{\"@id\":\"https:\/\/itercastello.com\/ca\/#primaryimage\"},\"thumbnailUrl\":\"https:\/\/itercastello.com\/wp-content\/uploads\/2024\/06\/grey-concrete-building-blue-sky.jpg\",\"datePublished\":\"2023-06-13T10:37:06+00:00\",\"dateModified\":\"2024-10-21T11:25:09+00:00\",\"description\":\"Nuestro despacho de Ingenier\u00eda es el coraz\u00f3n de la empresa, dedicado a ofrecer soluciones integrales y adaptadas a todas las necesidades.\",\"breadcrumb\":{\"@id\":\"https:\/\/itercastello.com\/ca\/#breadcrumb\"},\"inLanguage\":\"ca\",\"potentialAction\":[{\"@type\":\"ReadAction\",\"target\":[\"https:\/\/itercastello.com\/ca\/\"]}]},{\"@type\":\"ImageObject\",\"inLanguage\":\"ca\",\"@id\":\"https:\/\/itercastello.com\/ca\/#primaryimage\",\"url\":\"https:\/\/itercastello.com\/wp-content\/uploads\/2024\/06\/grey-concrete-building-blue-sky.jpg\",\"contentUrl\":\"https:\/\/itercastello.com\/wp-content\/uploads\/2024\/06\/grey-concrete-building-blue-sky.jpg\",\"width\":1200,\"height\":800,\"caption\":\"A low angle shot of a grey concrete building under the blue sky\"},{\"@type\":\"BreadcrumbList\",\"@id\":\"https:\/\/itercastello.com\/ca\/#breadcrumb\",\"itemListElement\":[{\"@type\":\"ListItem\",\"position\":1,\"name\":\"Portada\",\"item\":\"https:\/\/itercastello.com\/ca\/\"},{\"@type\":\"ListItem\",\"position\":2,\"name\":\"Despatx d&#8217;enginyeria\"}]},{\"@type\":\"WebSite\",\"@id\":\"https:\/\/itercastello.com\/#website\",\"url\":\"https:\/\/itercastello.com\/\",\"name\":\"ITER Despacho de ingenier\u00eda\",\"description\":\"Ingenier\u00eda, asesor\u00eda t\u00e9cnica y gesti\u00f3n de proyectos\",\"potentialAction\":[{\"@type\":\"SearchAction\",\"target\":{\"@type\":\"EntryPoint\",\"urlTemplate\":\"https:\/\/itercastello.com\/?s={search_term_string}\"},\"query-input\":\"required name=search_term_string\"}],\"inLanguage\":\"ca\"}]}<\/script>\n<!-- \/ Yoast SEO plugin. -->","yoast_head_json":{"title":"Despatx d'enginyeria","description":"Nuestro despacho de Ingenier\u00eda es el coraz\u00f3n de la empresa, dedicado a ofrecer soluciones integrales y adaptadas a todas las necesidades.","robots":{"index":"index","follow":"follow","max-snippet":"max-snippet:-1","max-image-preview":"max-image-preview:large","max-video-preview":"max-video-preview:-1"},"canonical":"https:\/\/itercastello.com\/ca\/","og_locale":"ca_ES","og_type":"article","og_title":"Despatx d'enginyeria","og_description":"Nuestro despacho de Ingenier\u00eda es el coraz\u00f3n de la empresa, dedicado a ofrecer soluciones integrales y adaptadas a todas las necesidades.","og_url":"https:\/\/itercastello.com\/ca\/","og_site_name":"ITER Despacho de ingenier\u00eda","article_modified_time":"2024-10-21T11:25:09+00:00","og_image":[{"width":1200,"height":800,"url":"https:\/\/itercastello.com\/wp-content\/uploads\/2024\/06\/grey-concrete-building-blue-sky.jpg","type":"image\/jpeg"}],"twitter_card":"summary_large_image","twitter_misc":{"Temps estimat de lectura":"1 minut"},"schema":{"@context":"https:\/\/schema.org","@graph":[{"@type":"WebPage","@id":"https:\/\/itercastello.com\/ca\/","url":"https:\/\/itercastello.com\/ca\/","name":"Despatx d'enginyeria","isPartOf":{"@id":"https:\/\/itercastello.com\/#website"},"primaryImageOfPage":{"@id":"https:\/\/itercastello.com\/ca\/#primaryimage"},"image":{"@id":"https:\/\/itercastello.com\/ca\/#primaryimage"},"thumbnailUrl":"https:\/\/itercastello.com\/wp-content\/uploads\/2024\/06\/grey-concrete-building-blue-sky.jpg","datePublished":"2023-06-13T10:37:06+00:00","dateModified":"2024-10-21T11:25:09+00:00","description":"Nuestro despacho de Ingenier\u00eda es el coraz\u00f3n de la empresa, dedicado a ofrecer soluciones integrales y adaptadas a todas las necesidades.","breadcrumb":{"@id":"https:\/\/itercastello.com\/ca\/#breadcrumb"},"inLanguage":"ca","potentialAction":[{"@type":"ReadAction","target":["https:\/\/itercastello.com\/ca\/"]}]},{"@type":"ImageObject","inLanguage":"ca","@id":"https:\/\/itercastello.com\/ca\/#primaryimage","url":"https:\/\/itercastello.com\/wp-content\/uploads\/2024\/06\/grey-concrete-building-blue-sky.jpg","contentUrl":"https:\/\/itercastello.com\/wp-content\/uploads\/2024\/06\/grey-concrete-building-blue-sky.jpg","width":1200,"height":800,"caption":"A low angle shot of a grey concrete building under the blue sky"},{"@type":"BreadcrumbList","@id":"https:\/\/itercastello.com\/ca\/#breadcrumb","itemListElement":[{"@type":"ListItem","position":1,"name":"Portada","item":"https:\/\/itercastello.com\/ca\/"},{"@type":"ListItem","position":2,"name":"Despatx d&#8217;enginyeria"}]},{"@type":"WebSite","@id":"https:\/\/itercastello.com\/#website","url":"https:\/\/itercastello.com\/","name":"ITER Despacho de ingenier\u00eda","description":"Ingenier\u00eda, asesor\u00eda t\u00e9cnica y gesti\u00f3n de proyectos","potentialAction":[{"@type":"SearchAction","target":{"@type":"EntryPoint","urlTemplate":"https:\/\/itercastello.com\/?s={search_term_string}"},"query-input":"required name=search_term_string"}],"inLanguage":"ca"}]}},"_links":{"self":[{"href":"https:\/\/itercastello.com\/ca\/wp-json\/wp\/v2\/pages\/163","targetHints":{"allow":["GET"]}}],"collection":[{"href":"https:\/\/itercastello.com\/ca\/wp-json\/wp\/v2\/pages"}],"about":[{"href":"https:\/\/itercastello.com\/ca\/wp-json\/wp\/v2\/types\/page"}],"author":[{"embeddable":true,"href":"https:\/\/itercastello.com\/ca\/wp-json\/wp\/v2\/users\/1"}],"replies":[{"embeddable":true,"href":"https:\/\/itercastello.com\/ca\/wp-json\/wp\/v2\/comments?post=163"}],"version-history":[{"count":2,"href":"https:\/\/itercastello.com\/ca\/wp-json\/wp\/v2\/pages\/163\/revisions"}],"predecessor-version":[{"id":171,"href":"https:\/\/itercastello.com\/ca\/wp-json\/wp\/v2\/pages\/163\/revisions\/171"}],"wp:featuredmedia":[{"embeddable":true,"href":"https:\/\/itercastello.com\/ca\/wp-json\/wp\/v2\/media\/162"}],"wp:attachment":[{"href":"https:\/\/itercastello.com\/ca\/wp-json\/wp\/v2\/media?parent=163"}],"curies":[{"name":"wp","href":"https:\/\/api.w.org\/{rel}","templated":true}]}}