{"id":174,"date":"2023-06-13T10:37:56","date_gmt":"2023-06-13T10:37:56","guid":{"rendered":"https:\/\/itercastello.com\/servicios-de-ingenieria\/"},"modified":"2024-10-21T08:19:17","modified_gmt":"2024-10-21T08:19:17","slug":"servicios-de-ingenieria","status":"publish","type":"page","link":"https:\/\/itercastello.com\/ca\/servicios-de-ingenieria\/","title":{"rendered":"Servicios de ingenier\u00eda"},"content":{"rendered":"","protected":false},"excerpt":{"rendered":"","protected":false},"author":1,"featured_media":143,"parent":0,"menu_order":0,"comment_status":"open","ping_status":"closed","template":"","meta":{"footnotes":""},"class_list":["post-174","page","type-page","status-publish","has-post-thumbnail","hentry"],"yoast_head":"<!-- This site is optimized with the Yoast SEO plugin v23.0 - https:\/\/yoast.com\/wordpress\/plugins\/seo\/ -->\n<title>Servicios de ingenier\u00eda - ITER Despacho de ingenier\u00eda<\/title>\n<meta name=\"description\" content=\"Descubre los servicios de ingenier\u00eda de ITER: civil, urbanismo, medio ambiente, asesor\u00eda t\u00e9cnica y gesti\u00f3n de proyectos.\" \/>\n<meta name=\"robots\" content=\"index, follow, max-snippet:-1, max-image-preview:large, max-video-preview:-1\" \/>\n<link rel=\"canonical\" href=\"https:\/\/itercastello.com\/ca\/servicios-de-ingenieria\/\" \/>\n<meta property=\"og:locale\" content=\"ca_ES\" \/>\n<meta property=\"og:type\" content=\"article\" \/>\n<meta property=\"og:title\" content=\"Servicios de ingenier\u00eda - ITER Despacho de ingenier\u00eda\" \/>\n<meta property=\"og:description\" content=\"Descubre los servicios de ingenier\u00eda de ITER: civil, urbanismo, medio ambiente, asesor\u00eda t\u00e9cnica y gesti\u00f3n de proyectos.\" \/>\n<meta property=\"og:url\" content=\"https:\/\/itercastello.com\/ca\/servicios-de-ingenieria\/\" \/>\n<meta property=\"og:site_name\" content=\"ITER Despacho de ingenier\u00eda\" \/>\n<meta property=\"article:modified_time\" content=\"2024-10-21T08:19:17+00:00\" \/>\n<meta property=\"og:image\" content=\"https:\/\/itercastello.com\/wp-content\/uploads\/2023\/06\/architect6-home-pic1.webp\" \/>\n\t<meta property=\"og:image:width\" content=\"780\" \/>\n\t<meta property=\"og:image:height\" content=\"1210\" \/>\n\t<meta property=\"og:image:type\" content=\"image\/webp\" \/>\n<meta name=\"twitter:card\" content=\"summary_large_image\" \/>\n<meta name=\"twitter:label1\" content=\"Temps estimat de lectura\" \/>\n\t<meta name=\"twitter:data1\" content=\"1 minut\" \/>\n<script type=\"application\/ld+json\" class=\"yoast-schema-graph\">{\"@context\":\"https:\/\/schema.org\",\"@graph\":[{\"@type\":\"WebPage\",\"@id\":\"https:\/\/itercastello.com\/ca\/servicios-de-ingenieria\/\",\"url\":\"https:\/\/itercastello.com\/ca\/servicios-de-ingenieria\/\",\"name\":\"Servicios de ingenier\u00eda - ITER Despacho de ingenier\u00eda\",\"isPartOf\":{\"@id\":\"https:\/\/itercastello.com\/#website\"},\"primaryImageOfPage\":{\"@id\":\"https:\/\/itercastello.com\/ca\/servicios-de-ingenieria\/#primaryimage\"},\"image\":{\"@id\":\"https:\/\/itercastello.com\/ca\/servicios-de-ingenieria\/#primaryimage\"},\"thumbnailUrl\":\"https:\/\/itercastello.com\/wp-content\/uploads\/2023\/06\/architect6-home-pic1.webp\",\"datePublished\":\"2023-06-13T10:37:56+00:00\",\"dateModified\":\"2024-10-21T08:19:17+00:00\",\"description\":\"Descubre los servicios de ingenier\u00eda de ITER: civil, urbanismo, medio ambiente, asesor\u00eda t\u00e9cnica y gesti\u00f3n de proyectos.\",\"breadcrumb\":{\"@id\":\"https:\/\/itercastello.com\/ca\/servicios-de-ingenieria\/#breadcrumb\"},\"inLanguage\":\"ca\",\"potentialAction\":[{\"@type\":\"ReadAction\",\"target\":[\"https:\/\/itercastello.com\/ca\/servicios-de-ingenieria\/\"]}]},{\"@type\":\"ImageObject\",\"inLanguage\":\"ca\",\"@id\":\"https:\/\/itercastello.com\/ca\/servicios-de-ingenieria\/#primaryimage\",\"url\":\"https:\/\/itercastello.com\/wp-content\/uploads\/2023\/06\/architect6-home-pic1.webp\",\"contentUrl\":\"https:\/\/itercastello.com\/wp-content\/uploads\/2023\/06\/architect6-home-pic1.webp\",\"width\":780,\"height\":1210,\"caption\":\"servicios de ingenier\u00eda en ITER despacho de ingener\u00eda\"},{\"@type\":\"BreadcrumbList\",\"@id\":\"https:\/\/itercastello.com\/ca\/servicios-de-ingenieria\/#breadcrumb\",\"itemListElement\":[{\"@type\":\"ListItem\",\"position\":1,\"name\":\"Portada\",\"item\":\"https:\/\/itercastello.com\/ca\/\"},{\"@type\":\"ListItem\",\"position\":2,\"name\":\"Servicios de ingenier\u00eda\"}]},{\"@type\":\"WebSite\",\"@id\":\"https:\/\/itercastello.com\/#website\",\"url\":\"https:\/\/itercastello.com\/\",\"name\":\"ITER Despacho de ingenier\u00eda\",\"description\":\"Ingenier\u00eda, asesor\u00eda t\u00e9cnica y gesti\u00f3n de proyectos\",\"potentialAction\":[{\"@type\":\"SearchAction\",\"target\":{\"@type\":\"EntryPoint\",\"urlTemplate\":\"https:\/\/itercastello.com\/?s={search_term_string}\"},\"query-input\":\"required name=search_term_string\"}],\"inLanguage\":\"ca\"}]}<\/script>\n<!-- \/ Yoast SEO plugin. -->","yoast_head_json":{"title":"Servicios de ingenier\u00eda - ITER Despacho de ingenier\u00eda","description":"Descubre los servicios de ingenier\u00eda de ITER: civil, urbanismo, medio ambiente, asesor\u00eda t\u00e9cnica y gesti\u00f3n de proyectos.","robots":{"index":"index","follow":"follow","max-snippet":"max-snippet:-1","max-image-preview":"max-image-preview:large","max-video-preview":"max-video-preview:-1"},"canonical":"https:\/\/itercastello.com\/ca\/servicios-de-ingenieria\/","og_locale":"ca_ES","og_type":"article","og_title":"Servicios de ingenier\u00eda - ITER Despacho de ingenier\u00eda","og_description":"Descubre los servicios de ingenier\u00eda de ITER: civil, urbanismo, medio ambiente, asesor\u00eda t\u00e9cnica y gesti\u00f3n de proyectos.","og_url":"https:\/\/itercastello.com\/ca\/servicios-de-ingenieria\/","og_site_name":"ITER Despacho de ingenier\u00eda","article_modified_time":"2024-10-21T08:19:17+00:00","og_image":[{"width":780,"height":1210,"url":"https:\/\/itercastello.com\/wp-content\/uploads\/2023\/06\/architect6-home-pic1.webp","type":"image\/webp"}],"twitter_card":"summary_large_image","twitter_misc":{"Temps estimat de lectura":"1 minut"},"schema":{"@context":"https:\/\/schema.org","@graph":[{"@type":"WebPage","@id":"https:\/\/itercastello.com\/ca\/servicios-de-ingenieria\/","url":"https:\/\/itercastello.com\/ca\/servicios-de-ingenieria\/","name":"Servicios de ingenier\u00eda - ITER Despacho de ingenier\u00eda","isPartOf":{"@id":"https:\/\/itercastello.com\/#website"},"primaryImageOfPage":{"@id":"https:\/\/itercastello.com\/ca\/servicios-de-ingenieria\/#primaryimage"},"image":{"@id":"https:\/\/itercastello.com\/ca\/servicios-de-ingenieria\/#primaryimage"},"thumbnailUrl":"https:\/\/itercastello.com\/wp-content\/uploads\/2023\/06\/architect6-home-pic1.webp","datePublished":"2023-06-13T10:37:56+00:00","dateModified":"2024-10-21T08:19:17+00:00","description":"Descubre los servicios de ingenier\u00eda de ITER: civil, urbanismo, medio ambiente, asesor\u00eda t\u00e9cnica y gesti\u00f3n de proyectos.","breadcrumb":{"@id":"https:\/\/itercastello.com\/ca\/servicios-de-ingenieria\/#breadcrumb"},"inLanguage":"ca","potentialAction":[{"@type":"ReadAction","target":["https:\/\/itercastello.com\/ca\/servicios-de-ingenieria\/"]}]},{"@type":"ImageObject","inLanguage":"ca","@id":"https:\/\/itercastello.com\/ca\/servicios-de-ingenieria\/#primaryimage","url":"https:\/\/itercastello.com\/wp-content\/uploads\/2023\/06\/architect6-home-pic1.webp","contentUrl":"https:\/\/itercastello.com\/wp-content\/uploads\/2023\/06\/architect6-home-pic1.webp","width":780,"height":1210,"caption":"servicios de ingenier\u00eda en ITER despacho de ingener\u00eda"},{"@type":"BreadcrumbList","@id":"https:\/\/itercastello.com\/ca\/servicios-de-ingenieria\/#breadcrumb","itemListElement":[{"@type":"ListItem","position":1,"name":"Portada","item":"https:\/\/itercastello.com\/ca\/"},{"@type":"ListItem","position":2,"name":"Servicios de ingenier\u00eda"}]},{"@type":"WebSite","@id":"https:\/\/itercastello.com\/#website","url":"https:\/\/itercastello.com\/","name":"ITER Despacho de ingenier\u00eda","description":"Ingenier\u00eda, asesor\u00eda t\u00e9cnica y gesti\u00f3n de proyectos","potentialAction":[{"@type":"SearchAction","target":{"@type":"EntryPoint","urlTemplate":"https:\/\/itercastello.com\/?s={search_term_string}"},"query-input":"required name=search_term_string"}],"inLanguage":"ca"}]}},"_links":{"self":[{"href":"https:\/\/itercastello.com\/ca\/wp-json\/wp\/v2\/pages\/174","targetHints":{"allow":["GET"]}}],"collection":[{"href":"https:\/\/itercastello.com\/ca\/wp-json\/wp\/v2\/pages"}],"about":[{"href":"https:\/\/itercastello.com\/ca\/wp-json\/wp\/v2\/types\/page"}],"author":[{"embeddable":true,"href":"https:\/\/itercastello.com\/ca\/wp-json\/wp\/v2\/users\/1"}],"replies":[{"embeddable":true,"href":"https:\/\/itercastello.com\/ca\/wp-json\/wp\/v2\/comments?post=174"}],"version-history":[{"count":3,"href":"https:\/\/itercastello.com\/ca\/wp-json\/wp\/v2\/pages\/174\/revisions"}],"predecessor-version":[{"id":210,"href":"https:\/\/itercastello.com\/ca\/wp-json\/wp\/v2\/pages\/174\/revisions\/210"}],"wp:featuredmedia":[{"embeddable":true,"href":"https:\/\/itercastello.com\/ca\/wp-json\/wp\/v2\/media\/143"}],"wp:attachment":[{"href":"https:\/\/itercastello.com\/ca\/wp-json\/wp\/v2\/media?parent=174"}],"curies":[{"name":"wp","href":"https:\/\/api.w.org\/{rel}","templated":true}]}}