{"id":183,"date":"2023-06-13T10:37:16","date_gmt":"2023-06-13T10:37:16","guid":{"rendered":"https:\/\/itercastello.com\/conocenos\/"},"modified":"2024-10-21T08:04:18","modified_gmt":"2024-10-21T08:04:18","slug":"soluciones-innovadoras","status":"publish","type":"page","link":"https:\/\/itercastello.com\/ca\/soluciones-innovadoras\/","title":{"rendered":"Conoce ITER"},"content":{"rendered":"","protected":false},"excerpt":{"rendered":"","protected":false},"author":1,"featured_media":162,"parent":0,"menu_order":0,"comment_status":"open","ping_status":"closed","template":"","meta":{"footnotes":""},"class_list":["post-183","page","type-page","status-publish","has-post-thumbnail","hentry"],"yoast_head":"<!-- This site is optimized with the Yoast SEO plugin v23.0 - https:\/\/yoast.com\/wordpress\/plugins\/seo\/ -->\n<title>Soluciones innovadoras en ITER - Despacho de ingenier\u00eda<\/title>\n<meta name=\"description\" content=\"En ITER Ingenier\u00eda, somos un equipo pluridisciplinar comprometido con ofrecer soluciones innovadoras y sostenibles.\" \/>\n<meta name=\"robots\" content=\"index, follow, max-snippet:-1, max-image-preview:large, max-video-preview:-1\" \/>\n<link rel=\"canonical\" href=\"https:\/\/itercastello.com\/ca\/soluciones-innovadoras\/\" \/>\n<meta property=\"og:locale\" content=\"ca_ES\" \/>\n<meta property=\"og:type\" content=\"article\" \/>\n<meta property=\"og:title\" content=\"Soluciones innovadoras en ITER - Despacho de ingenier\u00eda\" \/>\n<meta property=\"og:description\" content=\"En ITER Ingenier\u00eda, somos un equipo pluridisciplinar comprometido con ofrecer soluciones innovadoras y sostenibles.\" \/>\n<meta property=\"og:url\" content=\"https:\/\/itercastello.com\/ca\/soluciones-innovadoras\/\" \/>\n<meta property=\"og:site_name\" content=\"ITER Despacho de ingenier\u00eda\" \/>\n<meta property=\"article:modified_time\" content=\"2024-10-21T08:04:18+00:00\" \/>\n<meta property=\"og:image\" content=\"https:\/\/itercastello.com\/wp-content\/uploads\/2024\/06\/grey-concrete-building-blue-sky.jpg\" \/>\n\t<meta property=\"og:image:width\" content=\"1200\" \/>\n\t<meta property=\"og:image:height\" content=\"800\" \/>\n\t<meta property=\"og:image:type\" content=\"image\/jpeg\" \/>\n<meta name=\"twitter:card\" content=\"summary_large_image\" \/>\n<meta name=\"twitter:label1\" content=\"Temps estimat de lectura\" \/>\n\t<meta name=\"twitter:data1\" content=\"1 minut\" \/>\n<script type=\"application\/ld+json\" class=\"yoast-schema-graph\">{\"@context\":\"https:\/\/schema.org\",\"@graph\":[{\"@type\":\"WebPage\",\"@id\":\"https:\/\/itercastello.com\/ca\/soluciones-innovadoras\/\",\"url\":\"https:\/\/itercastello.com\/ca\/soluciones-innovadoras\/\",\"name\":\"Soluciones innovadoras en ITER - Despacho de ingenier\u00eda\",\"isPartOf\":{\"@id\":\"https:\/\/itercastello.com\/#website\"},\"primaryImageOfPage\":{\"@id\":\"https:\/\/itercastello.com\/ca\/soluciones-innovadoras\/#primaryimage\"},\"image\":{\"@id\":\"https:\/\/itercastello.com\/ca\/soluciones-innovadoras\/#primaryimage\"},\"thumbnailUrl\":\"https:\/\/itercastello.com\/wp-content\/uploads\/2024\/06\/grey-concrete-building-blue-sky.jpg\",\"datePublished\":\"2023-06-13T10:37:16+00:00\",\"dateModified\":\"2024-10-21T08:04:18+00:00\",\"description\":\"En ITER Ingenier\u00eda, somos un equipo pluridisciplinar comprometido con ofrecer soluciones innovadoras y sostenibles.\",\"breadcrumb\":{\"@id\":\"https:\/\/itercastello.com\/ca\/soluciones-innovadoras\/#breadcrumb\"},\"inLanguage\":\"ca\",\"potentialAction\":[{\"@type\":\"ReadAction\",\"target\":[\"https:\/\/itercastello.com\/ca\/soluciones-innovadoras\/\"]}]},{\"@type\":\"ImageObject\",\"inLanguage\":\"ca\",\"@id\":\"https:\/\/itercastello.com\/ca\/soluciones-innovadoras\/#primaryimage\",\"url\":\"https:\/\/itercastello.com\/wp-content\/uploads\/2024\/06\/grey-concrete-building-blue-sky.jpg\",\"contentUrl\":\"https:\/\/itercastello.com\/wp-content\/uploads\/2024\/06\/grey-concrete-building-blue-sky.jpg\",\"width\":1200,\"height\":800,\"caption\":\"A low angle shot of a grey concrete building under the blue sky\"},{\"@type\":\"BreadcrumbList\",\"@id\":\"https:\/\/itercastello.com\/ca\/soluciones-innovadoras\/#breadcrumb\",\"itemListElement\":[{\"@type\":\"ListItem\",\"position\":1,\"name\":\"Portada\",\"item\":\"https:\/\/itercastello.com\/ca\/\"},{\"@type\":\"ListItem\",\"position\":2,\"name\":\"Conoce ITER\"}]},{\"@type\":\"WebSite\",\"@id\":\"https:\/\/itercastello.com\/#website\",\"url\":\"https:\/\/itercastello.com\/\",\"name\":\"ITER Despacho de ingenier\u00eda\",\"description\":\"Ingenier\u00eda, asesor\u00eda t\u00e9cnica y gesti\u00f3n de proyectos\",\"potentialAction\":[{\"@type\":\"SearchAction\",\"target\":{\"@type\":\"EntryPoint\",\"urlTemplate\":\"https:\/\/itercastello.com\/?s={search_term_string}\"},\"query-input\":\"required name=search_term_string\"}],\"inLanguage\":\"ca\"}]}<\/script>\n<!-- \/ Yoast SEO plugin. -->","yoast_head_json":{"title":"Soluciones innovadoras en ITER - Despacho de ingenier\u00eda","description":"En ITER Ingenier\u00eda, somos un equipo pluridisciplinar comprometido con ofrecer soluciones innovadoras y sostenibles.","robots":{"index":"index","follow":"follow","max-snippet":"max-snippet:-1","max-image-preview":"max-image-preview:large","max-video-preview":"max-video-preview:-1"},"canonical":"https:\/\/itercastello.com\/ca\/soluciones-innovadoras\/","og_locale":"ca_ES","og_type":"article","og_title":"Soluciones innovadoras en ITER - Despacho de ingenier\u00eda","og_description":"En ITER Ingenier\u00eda, somos un equipo pluridisciplinar comprometido con ofrecer soluciones innovadoras y sostenibles.","og_url":"https:\/\/itercastello.com\/ca\/soluciones-innovadoras\/","og_site_name":"ITER Despacho de ingenier\u00eda","article_modified_time":"2024-10-21T08:04:18+00:00","og_image":[{"width":1200,"height":800,"url":"https:\/\/itercastello.com\/wp-content\/uploads\/2024\/06\/grey-concrete-building-blue-sky.jpg","type":"image\/jpeg"}],"twitter_card":"summary_large_image","twitter_misc":{"Temps estimat de lectura":"1 minut"},"schema":{"@context":"https:\/\/schema.org","@graph":[{"@type":"WebPage","@id":"https:\/\/itercastello.com\/ca\/soluciones-innovadoras\/","url":"https:\/\/itercastello.com\/ca\/soluciones-innovadoras\/","name":"Soluciones innovadoras en ITER - Despacho de ingenier\u00eda","isPartOf":{"@id":"https:\/\/itercastello.com\/#website"},"primaryImageOfPage":{"@id":"https:\/\/itercastello.com\/ca\/soluciones-innovadoras\/#primaryimage"},"image":{"@id":"https:\/\/itercastello.com\/ca\/soluciones-innovadoras\/#primaryimage"},"thumbnailUrl":"https:\/\/itercastello.com\/wp-content\/uploads\/2024\/06\/grey-concrete-building-blue-sky.jpg","datePublished":"2023-06-13T10:37:16+00:00","dateModified":"2024-10-21T08:04:18+00:00","description":"En ITER Ingenier\u00eda, somos un equipo pluridisciplinar comprometido con ofrecer soluciones innovadoras y sostenibles.","breadcrumb":{"@id":"https:\/\/itercastello.com\/ca\/soluciones-innovadoras\/#breadcrumb"},"inLanguage":"ca","potentialAction":[{"@type":"ReadAction","target":["https:\/\/itercastello.com\/ca\/soluciones-innovadoras\/"]}]},{"@type":"ImageObject","inLanguage":"ca","@id":"https:\/\/itercastello.com\/ca\/soluciones-innovadoras\/#primaryimage","url":"https:\/\/itercastello.com\/wp-content\/uploads\/2024\/06\/grey-concrete-building-blue-sky.jpg","contentUrl":"https:\/\/itercastello.com\/wp-content\/uploads\/2024\/06\/grey-concrete-building-blue-sky.jpg","width":1200,"height":800,"caption":"A low angle shot of a grey concrete building under the blue sky"},{"@type":"BreadcrumbList","@id":"https:\/\/itercastello.com\/ca\/soluciones-innovadoras\/#breadcrumb","itemListElement":[{"@type":"ListItem","position":1,"name":"Portada","item":"https:\/\/itercastello.com\/ca\/"},{"@type":"ListItem","position":2,"name":"Conoce ITER"}]},{"@type":"WebSite","@id":"https:\/\/itercastello.com\/#website","url":"https:\/\/itercastello.com\/","name":"ITER Despacho de ingenier\u00eda","description":"Ingenier\u00eda, asesor\u00eda t\u00e9cnica y gesti\u00f3n de proyectos","potentialAction":[{"@type":"SearchAction","target":{"@type":"EntryPoint","urlTemplate":"https:\/\/itercastello.com\/?s={search_term_string}"},"query-input":"required name=search_term_string"}],"inLanguage":"ca"}]}},"_links":{"self":[{"href":"https:\/\/itercastello.com\/ca\/wp-json\/wp\/v2\/pages\/183","targetHints":{"allow":["GET"]}}],"collection":[{"href":"https:\/\/itercastello.com\/ca\/wp-json\/wp\/v2\/pages"}],"about":[{"href":"https:\/\/itercastello.com\/ca\/wp-json\/wp\/v2\/types\/page"}],"author":[{"embeddable":true,"href":"https:\/\/itercastello.com\/ca\/wp-json\/wp\/v2\/users\/1"}],"replies":[{"embeddable":true,"href":"https:\/\/itercastello.com\/ca\/wp-json\/wp\/v2\/comments?post=183"}],"version-history":[{"count":2,"href":"https:\/\/itercastello.com\/ca\/wp-json\/wp\/v2\/pages\/183\/revisions"}],"predecessor-version":[{"id":206,"href":"https:\/\/itercastello.com\/ca\/wp-json\/wp\/v2\/pages\/183\/revisions\/206"}],"wp:featuredmedia":[{"embeddable":true,"href":"https:\/\/itercastello.com\/ca\/wp-json\/wp\/v2\/media\/162"}],"wp:attachment":[{"href":"https:\/\/itercastello.com\/ca\/wp-json\/wp\/v2\/media?parent=183"}],"curies":[{"name":"wp","href":"https:\/\/api.w.org\/{rel}","templated":true}]}}